{"id":8,"date":"2021-01-08T21:15:25","date_gmt":"2021-01-08T21:15:25","guid":{"rendered":"https:\/\/codicr.com\/blog\/?page_id=8"},"modified":"2021-02-23T20:18:21","modified_gmt":"2021-02-23T20:18:21","slug":"acerca-de","status":"publish","type":"page","link":"https:\/\/codicr.com\/blog\/acerca-de\/","title":{"rendered":"\u00bf Qu\u00e9 es el CODI?"},"content":{"rendered":"\n<p class=\"has-drop-cap has-cyan-bluish-gray-background-color has-background has-normal-font-size\">El Consejo de Desarrollo Inmobiliario es una asociaci\u00f3n civil, sin fines de lucro y de inter\u00e9s colectivo que tiene por objeto el fomento, la protecci\u00f3n y la defensa de la actividad del desarrollo inmobiliario, en armon\u00eda con el medio ambiente contribuyendo al desarrollo econ\u00f3mico y social del pa\u00eds.<\/p>\n\n\n\n<h5 class=\"wp-block-heading\">Nuestra Visi\u00f3n:<\/h5>\n\n\n\n<p>Ser la organizaci\u00f3n que asuma el liderazgo y propicie el uso \u00f3ptimo de la tierra contribuyendo al desarrollo econ\u00f3mico y social nacional en armon\u00eda con el medio ambiente.<\/p>\n\n\n\n<h5 class=\"wp-block-heading\">Nuestra Misi\u00f3n:<\/h5>\n\n\n\n<p>Promover el establecimiento de una normativa clara y adecuada para el desarrollo inmobiliario en el pa\u00eds, as\u00ed como la modernizaci\u00f3n y la eficiencia de dicha actividad en forma \u00e9tica y profesional brindando respaldo a sus asociados en la implementaci\u00f3n para la ejecuci\u00f3n de sus proyectos haciendo la diferencia.<\/p>\n","protected":false},"excerpt":{"rendered":"<p>El Consejo de Desarrollo Inmobiliario es una asociaci\u00f3n civil, sin fines de lucro y de inter\u00e9s colectivo que tiene por objeto el fomento, la protecci\u00f3n&hellip;<\/p>\n","protected":false},"author":2,"featured_media":0,"parent":0,"menu_order":0,"comment_status":"closed","ping_status":"closed","template":"","meta":{"footnotes":""},"class_list":["post-8","page","type-page","status-publish","hentry"],"_links":{"self":[{"href":"https:\/\/codicr.com\/blog\/wp-json\/wp\/v2\/pages\/8","targetHints":{"allow":["GET"]}}],"collection":[{"href":"https:\/\/codicr.com\/blog\/wp-json\/wp\/v2\/pages"}],"about":[{"href":"https:\/\/codicr.com\/blog\/wp-json\/wp\/v2\/types\/page"}],"author":[{"embeddable":true,"href":"https:\/\/codicr.com\/blog\/wp-json\/wp\/v2\/users\/2"}],"replies":[{"embeddable":true,"href":"https:\/\/codicr.com\/blog\/wp-json\/wp\/v2\/comments?post=8"}],"version-history":[{"count":3,"href":"https:\/\/codicr.com\/blog\/wp-json\/wp\/v2\/pages\/8\/revisions"}],"predecessor-version":[{"id":60,"href":"https:\/\/codicr.com\/blog\/wp-json\/wp\/v2\/pages\/8\/revisions\/60"}],"wp:attachment":[{"href":"https:\/\/codicr.com\/blog\/wp-json\/wp\/v2\/media?parent=8"}],"curies":[{"name":"wp","href":"https:\/\/api.w.org\/{rel}","templated":true}]}}