{"id":62,"date":"2021-02-23T20:41:16","date_gmt":"2021-02-23T20:41:16","guid":{"rendered":"https:\/\/codicr.com\/blog\/?page_id=62"},"modified":"2021-02-23T20:41:16","modified_gmt":"2021-02-23T20:41:16","slug":"descargo-de-responsabilidad","status":"publish","type":"page","link":"https:\/\/codicr.com\/blog\/descargo-de-responsabilidad\/","title":{"rendered":"Descargo de responsabilidad"},"content":{"rendered":"\n<p>Este sitio web, y la informaci\u00f3n que contiene, solo se proporcionan para informar, formar y divulgar al usuario informaci\u00f3n sobre temas relacionados con el sector inmobiliario. Este sitio web es exclusivamente informativo y el CODI no se hace responsable de los da\u00f1os, de cualquier tipo o naturaleza, como resultado del uso de la informaci\u00f3n de este sitio web.<\/p>\n\n\n\n<p>El CODI ha realizado esfuerzos razonables para garantizar que el material contenido en estas p\u00e1ginas sea correcto y que cumpla con todas y cada una de las normativas de derechos de autor en el momento en que se cre\u00f3 y modific\u00f3 por \u00faltima vez. En caso de que se produzcan infracciones de derechos de autor, la responsabilidad del  CODI se limitar\u00e1 a reemplazar los elementos infractores por elementos no infractores, sin que, sin embargo, se haga responsable de los da\u00f1os.<\/p>\n\n\n\n<p>El CODI se reserva el derecho de realizar en cualquier momento los cambios que considere oportunos, sin previo aviso y sin que el CODI se haga responsable.<\/p>\n\n\n\n<p>El CODI puede proporcionar enlaces externos como servicio a los usuarios de su sitio web. Al proporcionar un enlace externo, el CODI no se responsabiliza ni aprueba el contenido o la condici\u00f3n de ning\u00fan sitio vinculado.<\/p>\n\n\n\n<p>Al usar este sitio web, usted acepta los t\u00e9rminos y condiciones de este Descargo de responsabilidad.<\/p>\n\n\n\n<h4 class=\"wp-block-heading\">Derechos de autor &#8211; Marcas registradas<\/h4>\n\n\n\n<p>Este sitio web y su contenido son propiedad del CODI y \/ o sus licenciantes. Todos los productos, marcas y \/ o nombres comerciales que sean mencionados son marcas comerciales, marcas registradas o nombres comerciales de sus respectivos propietarios.<\/p>\n\n\n\n<p>En consecuencia, este sitio web junto con cualquier parte del mismo sin excepci\u00f3n alguna, en particular todos los elementos de obras, gr\u00e1ficos, sonido e informaci\u00f3n protegidos por derechos de autor (intelectuales), tales como textos, fotos, sonidos, dibujos y logotipos, no pueden distribuirse, utilizarse o incorporarse de cualquier manera sin que el CODI y \/ o cualquier otro propietario interesado otorgue su permiso previo, expreso y por escrito para la reproducci\u00f3n, distribuci\u00f3n, modificaci\u00f3n y \/ o divulgaci\u00f3n p\u00fablica.<\/p>\n","protected":false},"excerpt":{"rendered":"<p>Este sitio web, y la informaci\u00f3n que contiene, solo se proporcionan para informar, formar y divulgar al usuario informaci\u00f3n sobre temas relacionados con el sector&hellip;<\/p>\n","protected":false},"author":2,"featured_media":0,"parent":0,"menu_order":0,"comment_status":"closed","ping_status":"closed","template":"","meta":{"footnotes":""},"class_list":["post-62","page","type-page","status-publish","hentry"],"_links":{"self":[{"href":"https:\/\/codicr.com\/blog\/wp-json\/wp\/v2\/pages\/62","targetHints":{"allow":["GET"]}}],"collection":[{"href":"https:\/\/codicr.com\/blog\/wp-json\/wp\/v2\/pages"}],"about":[{"href":"https:\/\/codicr.com\/blog\/wp-json\/wp\/v2\/types\/page"}],"author":[{"embeddable":true,"href":"https:\/\/codicr.com\/blog\/wp-json\/wp\/v2\/users\/2"}],"replies":[{"embeddable":true,"href":"https:\/\/codicr.com\/blog\/wp-json\/wp\/v2\/comments?post=62"}],"version-history":[{"count":1,"href":"https:\/\/codicr.com\/blog\/wp-json\/wp\/v2\/pages\/62\/revisions"}],"predecessor-version":[{"id":63,"href":"https:\/\/codicr.com\/blog\/wp-json\/wp\/v2\/pages\/62\/revisions\/63"}],"wp:attachment":[{"href":"https:\/\/codicr.com\/blog\/wp-json\/wp\/v2\/media?parent=62"}],"curies":[{"name":"wp","href":"https:\/\/api.w.org\/{rel}","templated":true}]}}